{"id":2482,"date":"2025-09-22T14:00:39","date_gmt":"2025-09-22T12:00:39","guid":{"rendered":"https:\/\/www.camping-des-familles.com\/gastronomie-vins-medoc\/"},"modified":"2025-11-11T10:07:43","modified_gmt":"2025-11-11T09:07:43","slug":"gastronomie-wijnen-medoc","status":"publish","type":"page","link":"https:\/\/www.camping-des-familles.com\/nl\/gastronomie-wijnen-medoc\/","title":{"rendered":"Gastronomie en wijn"},"content":{"rendered":"\n<section class=\"wp-block-group home-third bis has-global-padding is-layout-constrained wp-block-group-is-layout-constrained\">\n<div class=\"wp-block-columns is-layout-flex wp-container-core-columns-is-layout-28f84493 wp-block-columns-is-layout-flex\">\n<div class=\"wp-block-column is-vertically-aligned-center right is-layout-flow wp-block-column-is-layout-flow\" style=\"flex-basis:50%\">\n<h1 class=\"wp-block-heading has-text-align-left full-width has-damirone-font-family has-custom-color-1-color has-text-color\" style=\"margin-top:0px;margin-right:0px;margin-bottom:0px;margin-left:0px;padding-bottom:var(--wp--preset--spacing--20);font-size:clamp(28.836px, 1.802rem + ((1vw - 3.2px) * 1.721), 50px);font-style:normal;font-weight:400;line-height:1.2;text-transform:uppercase\">Ontdek de lokale knowhow <span>van de M\u00e9doc<\/span> <\/h1>\n\n\n\n<p class=\"has-custom-color-3-color has-text-color has-link-color wp-elements-ac4eb449ab807369fe03d603bfe4997e\" style=\"line-height:1.9\">Onze regio is ook een land van <strong>smaken, <\/strong> <strong>tradities, <\/strong> <a href=\"https:\/\/www.camping-des-familles.com\/nl\/erfgoed-cultuur-medoc\/\" data-type=\"page\" data-id=\"52\">erfgoed en M\u00e9doc-cultuur<\/a>. Maak tijdens je verblijf op de <a href=\"https:\/\/www.camping-des-familles.com\/nl\/\" data-type=\"page\" data-id=\"8\">camping bij Soulac-sur-Mer<\/a> kennis met <strong>lokale ambachtslieden en producenten <\/strong>voor een gastronomische ervaring. Prestigieuze wijnen, zeevruchten, zoete lekkernijen en eeuwenoude expertise: het is er allemaal om <a href=\"https:\/\/www.medoc-atlantique.com\/patrimoine\/esprit-epicurien\/vignobles-et-route-des-vins\/\" target=\"_blank\" rel=\"noreferrer noopener nofollow\">de wijnen van de M\u00e9doc te ontdekken<\/a> en te genieten van een <strong>epicuristische vakantie in de frisse lucht<\/strong>. Bereid je voor op een <strong>unieke culinaire en culturele ervaring<\/strong>.<br\/><\/p>\n<\/div>\n\n\n\n<div class=\"wp-block-column left is-layout-flow wp-block-column-is-layout-flow\" style=\"flex-basis:50%\">\n<div class=\"wp-block-group is-layout-flow wp-block-group-is-layout-flow\">\n<div class=\"wp-block-group is-layout-flow wp-block-group-is-layout-flow\">\n<figure class=\"wp-block-image size-full is-resized gt-gsap-fadeIn\"><img decoding=\"async\" width=\"1707\" height=\"2052\" src=\"https:\/\/www.camping-des-familles.com\/wp-content\/uploads\/2025\/10\/vins-du-medoc-scaled-e1759501888678.jpg\" alt=\"medocwijnen\" class=\"wp-image-1403\" style=\"width:auto;height:900px\" srcset=\"https:\/\/www.camping-des-familles.com\/wp-content\/uploads\/2025\/10\/vins-du-medoc-scaled-e1759501888678.jpg 1707w, https:\/\/www.camping-des-familles.com\/wp-content\/uploads\/2025\/10\/vins-du-medoc-scaled-e1759501888678-250x300.jpg 250w, https:\/\/www.camping-des-familles.com\/wp-content\/uploads\/2025\/10\/vins-du-medoc-scaled-e1759501888678-852x1024.jpg 852w, https:\/\/www.camping-des-familles.com\/wp-content\/uploads\/2025\/10\/vins-du-medoc-scaled-e1759501888678-768x923.jpg 768w, https:\/\/www.camping-des-familles.com\/wp-content\/uploads\/2025\/10\/vins-du-medoc-scaled-e1759501888678-1278x1536.jpg 1278w, https:\/\/www.camping-des-familles.com\/wp-content\/uploads\/2025\/10\/vins-du-medoc-scaled-e1759501888678-1704x2048.jpg 1704w\" sizes=\"(max-width: 1707px) 100vw, 1707px\" \/><\/figure>\n<\/div>\n<\/div>\n<\/div>\n<\/div>\n<\/section>\n\n<section class=\"wp-block-group home-fourth page-two has-custom-color-1-background-color has-background has-global-padding is-layout-constrained wp-block-group-is-layout-constrained\">\n<div class=\"wp-block-group has-global-padding is-content-justification-center is-layout-constrained wp-container-core-group-is-layout-519de150 wp-block-group-is-layout-constrained\" style=\"margin-top:0px;margin-right:0px;margin-bottom:0px;margin-left:0px\">\n<h2 class=\"wp-block-heading has-text-align-center full-width has-damirone-font-family has-base-2-color has-text-color\" style=\"margin-top:0px;margin-right:0px;margin-bottom:0px;margin-left:0px;font-size:clamp(24.034px, 1.502rem + ((1vw - 3.2px) * 1.298), 40px);font-style:normal;font-weight:400;line-height:1.2;text-transform:uppercase\"><span>Guinguettes en producers<\/span> wachten op je!<\/h2>\n<\/div>\n\n\n\n<div class=\"wp-block-group has-global-padding is-content-justification-center is-layout-constrained wp-container-core-group-is-layout-8f5500b1 wp-block-group-is-layout-constrained\" style=\"margin-top:0px;margin-right:0px;margin-bottom:0px;margin-left:0px;padding-bottom:var(--wp--preset--spacing--30)\">\n<p class=\"has-text-align-center full-width has-base-2-color has-text-color has-link-color has-poppins-font-family wp-elements-ca455873eda61fefbaa55038910dd11d\" style=\"margin-top:0px;margin-right:0px;margin-bottom:0px;margin-left:0px;font-size:clamp(14px, 0.875rem + ((1vw - 3.2px) * 0.325), 18px);font-style:normal;font-weight:300;line-height:1.9\">Na een dag met je voeten in het zand op de <a href=\"https:\/\/www.camping-des-familles.com\/nl\/toerisme-stranden-medoc\/\" data-type=\"page\" data-id=\"48\">stranden in de buurt van de camping in de M\u00e9doc<\/a>, laat je je verleiden door de<strong> <\/strong>Je kunt ook profiteren van <a href=\"https:\/\/www.sudouest.fr\/gironde\/de-guinguettes-en-guinguettes-balade-gastronomique-en-medoc-le-long-de-l-estuaire-16385869.php\" target=\"_blank\" rel=\"noreferrer noopener nofollow\">de vele taverna&#8217;s aan de riviermonding<\/a>, de <strong>markten van Soulac-sur-Mer<\/strong> en <strong>Montalivet <\/strong>en de <strong>directe verkoop van lokale producten<\/strong>. Mis de beroemde <a href=\"https:\/\/www.medoc-atlantique.com\/sit\/noisettines-du-medoc-7202276\/\" target=\"_blank\" rel=\"noreferrer noopener nofollow\">Noisettines du M\u00e9doc<\/a> niet: oorspronkelijk besloten \u00c9dith en Michel, toen naaister en kok, met hun schamele middelen hun intrek te nemen in deze 200 jaar oude vervallen wijnopslagplaats om hun gezinsleven op te bouwen. Op dat moment besloot Michel een <strong>oud recept uit 1649<\/strong> opnieuw uit te vinden voor Edith. Na veel proeven met hazelnoten, een vrucht waar hij altijd dol op is geweest, cre\u00eberde hij <strong>Noisettine<\/strong>.<\/p>\n\n\n\n<p><\/p>\n\n\n\n<p class=\"has-text-align-center full-width has-base-2-color has-text-color has-link-color has-poppins-font-family wp-elements-1ed3b1ef9acf48eae16aabb87625ec53\" style=\"margin-top:0px;margin-right:0px;margin-bottom:0px;margin-left:0px;font-size:clamp(14px, 0.875rem + ((1vw - 3.2px) * 0.325), 18px);font-style:normal;font-weight:300;line-height:1.9\">In Saint-Vivien-de-M\u00e9doc is er een ongewone boerderij die je aandacht zou moeten trekken&#8230; Het blijkt dat daar een <strong>microalg<\/strong> wordt gekweekt die extreem rijk is aan mineralen en vitaminen. En dat is? <a href=\"https:\/\/www.medoc-atlantique.com\/sit\/spiruline-de-la-pointe-dargent-7094562\/\" target=\"_blank\" rel=\"noreferrer noopener nofollow\">Spirulina<\/a>. Het voorziet je lichaam van alle voedingsstoffen die het nodig heeft en is een <strong>opmerkelijke plant<\/strong>. Kom Jo\u00ebl en Tiphaine ontmoeten om al hun geheimen te ontdekken!    <\/p>\n\n\n\n<p class=\"has-text-align-center full-width has-base-2-color has-text-color has-link-color has-poppins-font-family wp-elements-cc0f9db7c71f18fe7452720d70e875fc\" style=\"margin-top:0px;margin-right:0px;margin-bottom:0px;margin-left:0px;font-size:clamp(14px, 0.875rem + ((1vw - 3.2px) * 0.325), 18px);font-style:normal;font-weight:300;line-height:1.9\">Proef de <strong>plaatselijke honing<\/strong>, de <strong>oesters uit de riviermonding<\/strong> of de <strong>garnalen uit de Medoc<\/strong>. Elke hap vertelt een verhaal. Zin in ambachtelijke ontdekkingen? Bezoek de <a href=\"https:\/\/www.nadalie.fr\/\" target=\"_blank\" rel=\"noreferrer noopener nofollow\">Tonnellerie Nadali\u00e9<\/a> in Ludon-M\u00e9doc of de <strong>makers van deurmatten<\/strong> van gerecycled touw in Montalivet.   <\/p>\n<\/div>\n\n\n\n<div class=\"wp-block-cover alignfull blob-image gt-gsap-fadeInUp\" style=\"min-height:80vh;aspect-ratio:unset;\"><img decoding=\"async\" width=\"2400\" height=\"1350\" class=\"wp-block-cover__image-background wp-image-1413 size-full\" alt=\"Gastronomie huitres et Vin\" src=\"https:\/\/www.camping-des-familles.com\/wp-content\/uploads\/2025\/10\/Gastronomie-huitres-et-Vin.jpg\" data-object-fit=\"cover\" srcset=\"https:\/\/www.camping-des-familles.com\/wp-content\/uploads\/2025\/10\/Gastronomie-huitres-et-Vin.jpg 2400w, https:\/\/www.camping-des-familles.com\/wp-content\/uploads\/2025\/10\/Gastronomie-huitres-et-Vin-300x169.jpg 300w, https:\/\/www.camping-des-familles.com\/wp-content\/uploads\/2025\/10\/Gastronomie-huitres-et-Vin-1024x576.jpg 1024w, https:\/\/www.camping-des-familles.com\/wp-content\/uploads\/2025\/10\/Gastronomie-huitres-et-Vin-768x432.jpg 768w, https:\/\/www.camping-des-familles.com\/wp-content\/uploads\/2025\/10\/Gastronomie-huitres-et-Vin-1536x864.jpg 1536w, https:\/\/www.camping-des-familles.com\/wp-content\/uploads\/2025\/10\/Gastronomie-huitres-et-Vin-2048x1152.jpg 2048w\" sizes=\"(max-width: 2400px) 100vw, 2400px\" \/><span aria-hidden=\"true\" class=\"wp-block-cover__background has-background-dim wp-block-cover__gradient-background has-background-gradient\" style=\"background:linear-gradient(0deg,rgb(1,1,1) 0%,rgba(0,0,0,0.34) 72%)\"><\/span><div class=\"wp-block-cover__inner-container is-layout-flow wp-block-cover-is-layout-flow\">\n<p class=\"has-text-align-center h1-like has-pp-woodland-font-family\" style=\"font-size:clamp(67.975px, 4.248rem + ((1vw - 3.2px) * 6.506), 148px);line-height:1\">Levend <span> landschap<\/span><br\/><\/p>\n<\/div><\/div>\n<\/section>\n\n<section class=\"wp-block-group home-third page-third has-global-padding is-layout-constrained wp-block-group-is-layout-constrained\">\n<div class=\"wp-block-columns is-layout-flex wp-container-core-columns-is-layout-28f84493 wp-block-columns-is-layout-flex\">\n<div class=\"wp-block-column left is-layout-flow wp-block-column-is-layout-flow\" style=\"flex-basis:50%\">\n<div data-swiper=\"{&quot;speed&quot;:400,&quot;spaceBetween&quot;:16,&quot;slidesPerView&quot;:1,&quot;createElements&quot;:true,&quot;loop&quot;:true,&quot;freemode&quot;:true,&quot;breakpoints&quot;:[{&quot;slidesPerView&quot;:1}],&quot;pagination&quot;:false,&quot;effect&quot;:&quot;fade&quot;,&quot;navigation&quot;:false}\" class=\"wp-block-group gt-is-slider gt-is-slider-desktop is-layout-flow wp-block-group-is-layout-flow\">\n<div class=\"wp-block-group is-layout-flow wp-block-group-is-layout-flow\">\n<figure class=\"wp-block-image size-full gt-gsap-fadeIn\"><img decoding=\"async\" width=\"1373\" height=\"1200\" src=\"https:\/\/www.camping-des-familles.com\/wp-content\/uploads\/2025\/10\/route-chateaux-vins-du-Medoc.webp\" alt=\"route ch&#xE2;teaux vins du M&#xE9;doc\" class=\"wp-image-2086\" style=\"aspect-ratio:1;object-fit:cover\" srcset=\"https:\/\/www.camping-des-familles.com\/wp-content\/uploads\/2025\/10\/route-chateaux-vins-du-Medoc.webp 1373w, https:\/\/www.camping-des-familles.com\/wp-content\/uploads\/2025\/10\/route-chateaux-vins-du-Medoc-300x262.webp 300w, https:\/\/www.camping-des-familles.com\/wp-content\/uploads\/2025\/10\/route-chateaux-vins-du-Medoc-1024x895.webp 1024w, https:\/\/www.camping-des-familles.com\/wp-content\/uploads\/2025\/10\/route-chateaux-vins-du-Medoc-768x671.webp 768w\" sizes=\"(max-width: 1373px) 100vw, 1373px\" \/><\/figure>\n<\/div>\n<\/div>\n<\/div>\n\n\n\n<div class=\"wp-block-column is-vertically-aligned-center right is-layout-flow wp-block-column-is-layout-flow\" style=\"flex-basis:50%\">\n<h2 class=\"wp-block-heading\" style=\"text-transform:uppercase\">Grands-crus op de wijnroute <span>van de M\u00e9doc<\/span><\/h2>\n\n\n\n<p class=\"has-custom-color-3-color has-text-color has-link-color wp-elements-a82eb4703ec95d9d8407e34a957770c0\" style=\"line-height:1.9\">Volg de beroemde wijnroute van de M\u00e9doc, ook wel bekend als <a href=\"https:\/\/www.winalist.fr\/blog\/vignobles-france\/vignoble-bordeaux\/route-des-vins-medoc?srsltid=AfmBOoo3KiryQzCrPd8ZfCZX1JGCT9TgQsYugBKDGqYlXQXqtkPrJMzf\" target=\"_blank\" rel=\"noreferrer noopener nofollow\">de Route des Ch\u00e2teaux<\/a>, om de <strong>beroemde landgoederen tussen Margaux<\/strong> en Le <strong>Verdon-sur-Mer<\/strong> te ontdekken. Deze emblematische route strekt zich uit over <strong>meer dan 80 km tussen Bordeaux en de Pointe de Grave<\/strong> in de Gironde. Het biedt wijnliefhebbers de kans om enkele van<strong> &#8217;s werelds meest prestigieuze domeinen<\/strong> te ontdekken, waaronder de beroemde ch\u00e2teaux van Pauillac, Saint-Julien en Saint-Est\u00e8phe. Het is aan te raden om de route <strong>van noord naar zuid<\/strong> af te leggen, vooral in de zomer, voor meer priv\u00e9bezoeken aan de wijngaarden. Onderweg geniet je van <strong>verschillende landschappen<\/strong>, van <strong>wijngaarden<\/strong> en <strong>bossen <\/strong>tot <strong>de oevers van de <\/strong>Gironde. Dit alles terwijl je de<strong>geschiedenis en de expertise van de grote wijnen van de M\u00e9doc<\/strong> ontdekt.  <\/p>\n\n\n\n<p class=\"has-custom-color-3-color has-text-color has-link-color wp-elements-d11412165f8778b799d88c5c8467ef07\" style=\"line-height:1.9\">Proeverijen, kelderrondleidingen, wijngaardwandelingen&#8230; Dit is een <strong>must voor <\/strong>liefhebbers van heerlijke wijnen.  <\/p>\n<\/div>\n<\/div>\n<\/section>\n\n<section class=\"wp-block-group home-third bis has-global-padding is-layout-constrained wp-block-group-is-layout-constrained\">\n<div class=\"wp-block-columns is-layout-flex wp-container-core-columns-is-layout-28f84493 wp-block-columns-is-layout-flex\">\n<div class=\"wp-block-column is-vertically-aligned-center right is-layout-flow wp-block-column-is-layout-flow\" style=\"flex-basis:50%\">\n<h2 class=\"wp-block-heading has-text-align-left full-width has-damirone-font-family has-custom-color-1-color has-text-color\" style=\"margin-top:0px;margin-right:0px;margin-bottom:0px;margin-left:0px;padding-bottom:var(--wp--preset--spacing--20);font-size:clamp(28.836px, 1.802rem + ((1vw - 3.2px) * 1.721), 50px);font-style:normal;font-weight:400;line-height:1.2;text-transform:uppercase\">Familiebezoeken <span>om de ambachtslieden te ontmoeten<\/span><\/h2>\n\n\n\n<p class=\"has-custom-color-3-color has-text-color has-link-color wp-elements-ac03efa8c0e4301d2d7a89200fd65d44\" style=\"line-height:1.9\">Naast proeverijen bieden verschillende sites<strong> <\/strong><a href=\"https:\/\/www.lesgrappes.com\/vignerons\" target=\"_blank\" rel=\"noreferrer noopener nofollow\">educatieve rondleidingen <\/a>voor jong en oud. Leer <strong>de aroma&#8217;s van een wijn<\/strong> herkennen, ontdek <strong>hoe een vat wordt gemaakt<\/strong> of neem deel aan een <strong>culinaire workshop<\/strong>. Deze vorm van toerisme op de wijnroute van de M\u00e9doc spreekt zowel <strong>levensgenieters <\/strong>als <strong>nieuwsgierige gezinnen<\/strong> aan. Als je liever lol en plezier deelt met je gezin, zijn er tal van <a href=\"https:\/\/www.camping-des-familles.com\/nl\/sportactiviteiten-medoc\/\" data-type=\"page\" data-id=\"54\">sportieve activiteiten in de buurt van Soulac-sur-Mer<\/a>.<\/p>\n<\/div>\n\n\n\n<div class=\"wp-block-column left is-layout-flow wp-block-column-is-layout-flow\" style=\"flex-basis:50%\">\n<div class=\"wp-block-group is-layout-flow wp-block-group-is-layout-flow\">\n<div class=\"wp-block-group is-layout-flow wp-block-group-is-layout-flow\">\n<figure class=\"wp-block-image size-full is-resized gt-gsap-fadeIn\"><img decoding=\"async\" width=\"1203\" height=\"1280\" src=\"https:\/\/www.camping-des-familles.com\/wp-content\/uploads\/2025\/10\/Gastronomie13-vin-e1759502367171.jpg\" alt=\"  medoc wijnvat  \" class=\"wp-image-1423\" style=\"width:auto;height:900px\" srcset=\"https:\/\/www.camping-des-familles.com\/wp-content\/uploads\/2025\/10\/Gastronomie13-vin-e1759502367171.jpg 1203w, https:\/\/www.camping-des-familles.com\/wp-content\/uploads\/2025\/10\/Gastronomie13-vin-e1759502367171-282x300.jpg 282w, https:\/\/www.camping-des-familles.com\/wp-content\/uploads\/2025\/10\/Gastronomie13-vin-e1759502367171-962x1024.jpg 962w, https:\/\/www.camping-des-familles.com\/wp-content\/uploads\/2025\/10\/Gastronomie13-vin-e1759502367171-768x817.jpg 768w\" sizes=\"(max-width: 1203px) 100vw, 1203px\" \/><\/figure>\n<\/div>\n<\/div>\n<\/div>\n<\/div>\n<\/section>\n\n<section class=\"wp-block-group page-maillage has-global-padding is-layout-constrained wp-block-group-is-layout-constrained\">\n<div class=\"wp-block-group is-horizontal is-layout-flex wp-container-core-group-is-layout-1b39ef27 wp-block-group-is-layout-flex\">\n<figure class=\"wp-block-image size-large\" style=\"margin-top:0px;margin-right:0px;margin-bottom:0px;margin-left:0px\"><img decoding=\"async\" width=\"63\" height=\"94\" src=\"https:\/\/www.camping-des-familles.com\/wp-content\/uploads\/2025\/09\/Vector-24.svg\" alt=\"Vector (24)\" class=\"wp-image-653\" style=\"object-fit:cover\"\/><\/figure>\n\n\n\n<div class=\"wp-block-group h1-like has-custom-color-1-color has-text-color has-link-color wp-elements-886c1f67ab50bb3350e576c6e801f3af has-global-padding is-layout-constrained wp-block-group-is-layout-constrained\">\n<p class=\"has-custom-color-3-color has-text-color has-link-color has-pp-woodland-font-family wp-elements-3a36d454b495e5a55759cbda004b78d4\" style=\"font-size:clamp(52.9px, 3.306rem + ((1vw - 3.2px) * 4.398), 107px);font-style:normal;font-weight:200;text-transform:uppercase\">Ontdek<br\/><span>erfgoed, sport en stranden<\/span><\/p>\n<\/div>\n<\/div>\n\n\n\n<div class=\"wp-block-query is-layout-flow wp-block-query-is-layout-flow\"><ul class=\"animated fadeInUp wp-block-post-template is-layout-flow wp-block-post-template-is-layout-flow\"><li class=\"wp-block-post post-2410 page type-page status-publish has-post-thumbnail hentry\">\n\n<figure class=\"wp-block-image\"><img decoding=\"async\" src=\"https:\/\/www.camping-des-familles.com\/wp-content\/uploads\/2025\/10\/kayak_activites.jpg\" alt=\"Sport\"\/><\/figure>\n\n\n\n<p class=\"has-text-align-center has-base-2-color has-text-color has-link-color has-pp-woodland-font-family wp-elements-6ced9490183e5f4edfb72dbec622f35f\" style=\"font-size:clamp(18.959px, 1.185rem + ((1vw - 3.2px) * 0.898), 30px);text-transform:uppercase\">Sport<\/p>\n\n\n<a class=\"is-style-lien-cover wp-block-read-more\" href=\"https:\/\/www.camping-des-familles.com\/nl\/sportactiviteiten-medoc\/\" target=\"_self\">Lees verder<span class=\"screen-reader-text\">: Sport<\/span><\/a>\n<\/li><li class=\"wp-block-post post-2489 page type-page status-publish has-post-thumbnail hentry\">\n\n<figure class=\"wp-block-image\"><img decoding=\"async\" src=\"https:\/\/www.camping-des-familles.com\/wp-content\/uploads\/2025\/10\/vue-aerienne-ocean-plage.jpg\" alt=\"De stranden\"\/><\/figure>\n\n\n\n<p class=\"has-text-align-center has-base-2-color has-text-color has-link-color has-pp-woodland-font-family wp-elements-6ced9490183e5f4edfb72dbec622f35f\" style=\"font-size:clamp(18.959px, 1.185rem + ((1vw - 3.2px) * 0.898), 30px);text-transform:uppercase\">De stranden<\/p>\n\n\n<a class=\"is-style-lien-cover wp-block-read-more\" href=\"https:\/\/www.camping-des-familles.com\/nl\/toerisme-stranden-medoc\/\" target=\"_self\">Lees verder<span class=\"screen-reader-text\">: De stranden<\/span><\/a>\n<\/li><li class=\"wp-block-post post-2425 page type-page status-publish has-post-thumbnail hentry\">\n\n<figure class=\"wp-block-image\"><img decoding=\"async\" src=\"https:\/\/www.camping-des-familles.com\/wp-content\/uploads\/2025\/10\/Soulac-sur-Mer.jpg\" alt=\"Erfgoed en cultuur\"\/><\/figure>\n\n\n\n<p class=\"has-text-align-center has-base-2-color has-text-color has-link-color has-pp-woodland-font-family wp-elements-6ced9490183e5f4edfb72dbec622f35f\" style=\"font-size:clamp(18.959px, 1.185rem + ((1vw - 3.2px) * 0.898), 30px);text-transform:uppercase\">Erfgoed en cultuur<\/p>\n\n\n<a class=\"is-style-lien-cover wp-block-read-more\" href=\"https:\/\/www.camping-des-familles.com\/nl\/erfgoed-cultuur-medoc\/\" target=\"_self\">Lees verder<span class=\"screen-reader-text\">: Erfgoed en cultuur<\/span><\/a>\n<\/li><\/ul><\/div>\n<\/section>\n","protected":false},"excerpt":{"rendered":"<p>Ontdek de lokale knowhow van de M\u00e9doc Onze regio is ook een land van smaken, tradities, erfgoed en M\u00e9doc-cultuur. Maak tijdens je verblijf op de camping bij Soulac-sur-Mer kennis met lokale ambachtslieden en producenten voor een gastronomische ervaring. Prestigieuze wijnen, zeevruchten, zoete lekkernijen en eeuwenoude expertise: het is er allemaal om de wijnen van de [&hellip;]<\/p>\n","protected":false},"author":1,"featured_media":1398,"parent":0,"menu_order":0,"comment_status":"closed","ping_status":"closed","template":"","meta":{"_acf_changed":false,"_seopress_robots_primary_cat":"","_seopress_titles_title":"De wijnroute van de M\u00e9doc I Ontdek de gastronomie van de M\u00e9doc","_seopress_titles_desc":"Ontdek de gastronomie en wijnen van de M\u00e9doc vanaf de Camping des Familles bij Soulac-sur-Mer: proeverijen, markten, oesters, Noisettines en de Grands Crus-route.","_seopress_robots_index":"","_gt_ctv_global_id":"14469","_gt_ctv_id_group":false,"inline_featured_image":false,"gt_fse_maillage_image":"https:\/\/www.camping-des-familles.com\/wp-content\/uploads\/2025\/10\/Gastronomie-et-vins-scaled.jpg","gt_fse_maillage_titre":"Gastronomie en wijn","gt_fse_maillage_alt":"Gastronomie en wijn","gt_fse_maillage_resume":"","_gt_maillage_image":0,"_gt_maillage_video":0,"_gt_maillage_title":"","footnotes":""},"categories":[],"tags":[],"class_list":["post-2482","page","type-page","status-publish","has-post-thumbnail","hentry"],"acf":[],"_links":{"self":[{"href":"https:\/\/www.camping-des-familles.com\/nl\/wp-json\/wp\/v2\/pages\/2482","targetHints":{"allow":["GET"]}}],"collection":[{"href":"https:\/\/www.camping-des-familles.com\/nl\/wp-json\/wp\/v2\/pages"}],"about":[{"href":"https:\/\/www.camping-des-familles.com\/nl\/wp-json\/wp\/v2\/types\/page"}],"author":[{"embeddable":true,"href":"https:\/\/www.camping-des-familles.com\/nl\/wp-json\/wp\/v2\/users\/1"}],"replies":[{"embeddable":true,"href":"https:\/\/www.camping-des-familles.com\/nl\/wp-json\/wp\/v2\/comments?post=2482"}],"version-history":[{"count":18,"href":"https:\/\/www.camping-des-familles.com\/nl\/wp-json\/wp\/v2\/pages\/2482\/revisions"}],"predecessor-version":[{"id":4244,"href":"https:\/\/www.camping-des-familles.com\/nl\/wp-json\/wp\/v2\/pages\/2482\/revisions\/4244"}],"wp:featuredmedia":[{"embeddable":true,"href":"https:\/\/www.camping-des-familles.com\/nl\/wp-json\/wp\/v2\/media\/1398"}],"wp:attachment":[{"href":"https:\/\/www.camping-des-familles.com\/nl\/wp-json\/wp\/v2\/media?parent=2482"}],"wp:term":[{"taxonomy":"category","embeddable":true,"href":"https:\/\/www.camping-des-familles.com\/nl\/wp-json\/wp\/v2\/categories?post=2482"},{"taxonomy":"post_tag","embeddable":true,"href":"https:\/\/www.camping-des-familles.com\/nl\/wp-json\/wp\/v2\/tags?post=2482"}],"curies":[{"name":"wp","href":"https:\/\/api.w.org\/{rel}","templated":true}]}}