{"id":2420,"date":"2025-09-22T14:00:10","date_gmt":"2025-09-22T12:00:10","guid":{"rendered":"https:\/\/www.camping-des-familles.com\/patrimoine-culture-medoc\/"},"modified":"2025-11-11T10:08:59","modified_gmt":"2025-11-11T09:08:59","slug":"heritage-culture-medoc","status":"publish","type":"page","link":"https:\/\/www.camping-des-familles.com\/en\/heritage-culture-medoc\/","title":{"rendered":"Heritage and culture"},"content":{"rendered":"\n<section class=\"wp-block-group home-third bis has-global-padding is-layout-constrained wp-block-group-is-layout-constrained\">\n<div class=\"wp-block-columns is-layout-flex wp-container-core-columns-is-layout-28f84493 wp-block-columns-is-layout-flex\">\n<div class=\"wp-block-column is-vertically-aligned-center right is-layout-flow wp-block-column-is-layout-flow\" style=\"flex-basis:50%\">\n<h1 class=\"wp-block-heading has-text-align-left full-width has-damirone-font-family has-custom-color-1-color has-text-color\" style=\"margin-top:0px;margin-right:0px;margin-bottom:0px;margin-left:0px;padding-bottom:var(--wp--preset--spacing--20);font-size:clamp(28.836px, 1.802rem + ((1vw - 3.2px) * 1.721), 50px);font-style:normal;font-weight:400;line-height:1.2;text-transform:uppercase\">Discover the M\u00e9doc <span>and its treasures<\/span><\/h1>\n\n\n\n<p class=\"has-custom-color-3-color has-text-color has-link-color wp-elements-6f234fd963cfa900e2d19bf53a1147d7\" style=\"line-height:1.9\">It&#8217;s not all <a href=\"https:\/\/www.camping-des-familles.com\/en\/tourism-beaches-medoc\/\" data-type=\"page\" data-id=\"48\">sandy beaches in the M\u00e9doc<\/a>! Our <a href=\"https:\/\/www.camping-des-familles.com\/en\/\" data-type=\"page\" data-id=\"8\">campsite near Soulac-sur-Mer<\/a> is also an excellent base for exploring the M\u00e9doc&#8217;s<strong> heritage and culture<\/strong>. <strong>Majestic lighthouses<\/strong>, <strong>picturesque villages<\/strong>, <strong>colorful markets<\/strong>, <strong>traditions <\/strong>and <strong>local gastronomy<\/strong> make up a territory rich in discovery. It&#8217;s impossible to miss out on the region&#8217;s many wineries, cellars, ch\u00e2teaux and local oyster producers. For a weekend or a vacation, let yourself be surprised by the <strong>history and authenticity<\/strong> of this beautiful South-West region. <\/p>\n<\/div>\n\n\n\n<div class=\"wp-block-column left is-layout-flow wp-block-column-is-layout-flow\" style=\"flex-basis:50%\">\n<div class=\"wp-block-group is-layout-flow wp-block-group-is-layout-flow\">\n<div class=\"wp-block-group is-layout-flow wp-block-group-is-layout-flow\">\n<figure class=\"wp-block-image size-full is-resized gt-gsap-fadeIn\"><img decoding=\"async\" width=\"424\" height=\"446\" src=\"https:\/\/www.camping-des-familles.com\/wp-content\/uploads\/2025\/10\/villa-soulacaise2-e1759501485128.jpg\" alt=\"villa soulacaise2\" class=\"wp-image-1376\" style=\"width:auto;height:900px\" srcset=\"https:\/\/www.camping-des-familles.com\/wp-content\/uploads\/2025\/10\/villa-soulacaise2-e1759501485128.jpg 424w, https:\/\/www.camping-des-familles.com\/wp-content\/uploads\/2025\/10\/villa-soulacaise2-e1759501485128-285x300.jpg 285w\" sizes=\"(max-width: 424px) 100vw, 424px\" \/><\/figure>\n<\/div>\n<\/div>\n<\/div>\n<\/div>\n<\/section>\n\n<section class=\"wp-block-group home-fourth page-two has-custom-color-1-background-color has-background has-global-padding is-layout-constrained wp-block-group-is-layout-constrained\">\n<div class=\"wp-block-group has-global-padding is-content-justification-center is-layout-constrained wp-container-core-group-is-layout-519de150 wp-block-group-is-layout-constrained\" style=\"margin-top:0px;margin-right:0px;margin-bottom:0px;margin-left:0px\">\n<h2 class=\"wp-block-heading has-text-align-center full-width has-damirone-font-family has-base-2-color has-text-color\" style=\"margin-top:0px;margin-right:0px;margin-bottom:0px;margin-left:0px;font-size:clamp(24.034px, 1.502rem + ((1vw - 3.2px) * 1.298), 40px);font-style:normal;font-weight:400;line-height:1.2;text-transform:uppercase\"><span>Sightseeing<\/span> near the campsite<\/h2>\n<\/div>\n\n\n\n<div class=\"wp-block-group has-global-padding is-content-justification-center is-layout-constrained wp-container-core-group-is-layout-8f5500b1 wp-block-group-is-layout-constrained\" style=\"margin-top:0px;margin-right:0px;margin-bottom:0px;margin-left:0px;padding-bottom:var(--wp--preset--spacing--30)\">\n<p class=\"has-text-align-center full-width has-base-2-color has-text-color has-link-color has-poppins-font-family wp-elements-334bf322df77f39c577c4fe6e0acb5f6\" style=\"margin-top:0px;margin-right:0px;margin-bottom:0px;margin-left:0px;font-size:clamp(14px, 0.875rem + ((1vw - 3.2px) * 0.325), 18px);font-style:normal;font-weight:300;line-height:1.9\">In just a few minutes from the campsite, you can discover a unique heritage: <strong>colorful carrelets along the estuary<\/strong>, <strong>lively guinguettes<\/strong>, <strong>farmers&#8217; markets<\/strong>, <strong>marshes <\/strong>and <strong>small ports<\/strong>. The <strong>nearby voie verte<\/strong> makes it easy to get around from the campsite, so leave your car in the parking lot during your stay and set off <strong>by bike<\/strong>, <s> <\/s>or <strong>take an<\/strong> <strong>all-terrain electric <\/strong> <strong>scooter<\/strong> (available for hire directly from the campsite) to explore the surrounding area!  <\/p>\n\n\n\n<p class=\"has-text-align-center full-width has-base-2-color has-text-color has-link-color has-poppins-font-family wp-elements-79b4c75ebd43dd0f670b4f1a50d6033c\" style=\"margin-top:0px;margin-right:0px;margin-bottom:0px;margin-left:0px;font-size:clamp(14px, 0.875rem + ((1vw - 3.2px) * 0.325), 18px);font-style:normal;font-weight:300;line-height:1.9\">Don&#8217;t miss emblematic historic sites such as the UNESCO-listed <a href=\"https:\/\/www.phare-de-cordouan.fr\/\" target=\"_blank\" rel=\"noreferrer noopener nofollow\">Cordouan lighthouse<\/a>(voted France&#8217;s 2nd favorite monument in 2025) or the <a href=\"https:\/\/www.medoc-atlantique.com\/sit\/basilique-notre-dame-de-la-fin-des-terres-7107959\/\" target=\"_blank\" rel=\"noreferrer noopener nofollow\">Soulac-sur-Mer basilica<\/a>. Taste the <a href=\"https:\/\/www.camping-des-familles.com\/en\/medoc-wine-gastronomy\/\" data-type=\"page\" data-id=\"58\">local flavors of the M\u00e9doc<\/a>: <strong>oysters<\/strong>, <strong>gambas from the estuary<\/strong>, and the <strong>famous noisettines<\/strong>.<\/p>\n<\/div>\n\n\n\n<div class=\"wp-block-cover alignfull blob-image gt-gsap-fadeInUp\" style=\"min-height:80vh;aspect-ratio:unset;\"><img decoding=\"async\" width=\"2000\" height=\"1250\" class=\"wp-block-cover__image-background wp-image-1387 size-full\" alt=\"_basilique Soulac-sur-Mer\" src=\"https:\/\/www.camping-des-familles.com\/wp-content\/uploads\/2025\/10\/basilique-Soulac-sur-Mer.jpg\" data-object-fit=\"cover\" srcset=\"https:\/\/www.camping-des-familles.com\/wp-content\/uploads\/2025\/10\/basilique-Soulac-sur-Mer.jpg 2000w, https:\/\/www.camping-des-familles.com\/wp-content\/uploads\/2025\/10\/basilique-Soulac-sur-Mer-300x188.jpg 300w, https:\/\/www.camping-des-familles.com\/wp-content\/uploads\/2025\/10\/basilique-Soulac-sur-Mer-1024x640.jpg 1024w, https:\/\/www.camping-des-familles.com\/wp-content\/uploads\/2025\/10\/basilique-Soulac-sur-Mer-768x480.jpg 768w, https:\/\/www.camping-des-familles.com\/wp-content\/uploads\/2025\/10\/basilique-Soulac-sur-Mer-1536x960.jpg 1536w\" sizes=\"(max-width: 2000px) 100vw, 2000px\" \/><span aria-hidden=\"true\" class=\"wp-block-cover__background has-background-dim wp-block-cover__gradient-background has-background-gradient\" style=\"background:linear-gradient(0deg,rgb(1,1,1) 0%,rgba(0,0,0,0.34) 72%)\"><\/span><div class=\"wp-block-cover__inner-container is-layout-flow wp-block-cover-is-layout-flow\">\n<p class=\"has-text-align-center h1-like has-pp-woodland-font-family\" style=\"font-size:clamp(67.975px, 4.248rem + ((1vw - 3.2px) * 6.506), 148px);line-height:1\">Historical <span>sites<\/span> <\/p>\n<\/div><\/div>\n<\/section>\n\n<section class=\"wp-block-group home-third page-third has-global-padding is-layout-constrained wp-block-group-is-layout-constrained\">\n<div class=\"wp-block-columns is-layout-flex wp-container-core-columns-is-layout-28f84493 wp-block-columns-is-layout-flex\">\n<div class=\"wp-block-column left is-layout-flow wp-block-column-is-layout-flow\" style=\"flex-basis:50%\">\n<div data-swiper=\"{&quot;speed&quot;:400,&quot;spaceBetween&quot;:16,&quot;slidesPerView&quot;:1,&quot;createElements&quot;:true,&quot;loop&quot;:true,&quot;freemode&quot;:true,&quot;breakpoints&quot;:[{&quot;slidesPerView&quot;:1}],&quot;pagination&quot;:false,&quot;effect&quot;:&quot;fade&quot;,&quot;navigation&quot;:false}\" class=\"wp-block-group gt-is-slider gt-is-slider-desktop is-layout-flow wp-block-group-is-layout-flow\">\n<div class=\"wp-block-group is-layout-flow wp-block-group-is-layout-flow\">\n<figure class=\"wp-block-image size-full is-resized gt-gsap-fadeIn\"><img decoding=\"async\" width=\"463\" height=\"400\" src=\"https:\/\/www.camping-des-familles.com\/wp-content\/uploads\/2025\/10\/parc-ostreicole-e1760615666988.jpg\" alt=\"oyster farm\" class=\"wp-image-2322\" style=\"width:auto;height:900px\" srcset=\"https:\/\/www.camping-des-familles.com\/wp-content\/uploads\/2025\/10\/parc-ostreicole-e1760615666988.jpg 463w, https:\/\/www.camping-des-familles.com\/wp-content\/uploads\/2025\/10\/parc-ostreicole-e1760615666988-300x259.jpg 300w\" sizes=\"(max-width: 463px) 100vw, 463px\" \/><\/figure>\n<\/div>\n<\/div>\n<\/div>\n\n\n\n<div class=\"wp-block-column is-vertically-aligned-center right is-layout-flow wp-block-column-is-layout-flow\" style=\"flex-basis:50%\">\n<h2 class=\"wp-block-heading\" style=\"text-transform:uppercase\">Ideally <span>located for discovering the region<\/span><\/h2>\n\n\n\n<p class=\"has-custom-color-3-color has-text-color has-link-color wp-elements-d82c0be27126a7404019bbb623fb8ede\" style=\"line-height:1.9\">Thanks to its central location, our campsite makes it easy to visit the M\u00e9doc and enjoy all the <a href=\"https:\/\/www.camping-des-familles.com\/en\/sports-activities-medoc\/\">sporting activities available near Soulac-sur-Mer<\/a>. With a length of 75 kilometers, a width of up to 12 kilometers, and a surface area of 635 km\u00b2, the Gironde estuary is the<strong> largest estuary in Western Europe<\/strong>, revealing an <strong>exceptional environment<\/strong>: <strong>wild islands<\/strong>,<strong> natural banks<\/strong>, <strong>reefs<\/strong>, <strong>varied fauna<\/strong>&#8230; You can even embark for a cruise or a ferry crossing from Le Verdon. For culture buffs, the region also offers <strong>festivals<\/strong>, <strong>exhibitions <\/strong>and<strong> heritage tours<\/strong>.<\/p>\n<\/div>\n<\/div>\n<\/section>\n\n<section class=\"wp-block-group page-maillage has-global-padding is-layout-constrained wp-block-group-is-layout-constrained\">\n<div class=\"wp-block-group is-horizontal is-layout-flex wp-container-core-group-is-layout-1b39ef27 wp-block-group-is-layout-flex\">\n<figure class=\"wp-block-image size-large\" style=\"margin-top:0px;margin-right:0px;margin-bottom:0px;margin-left:0px\"><img decoding=\"async\" width=\"63\" height=\"94\" src=\"https:\/\/www.camping-des-familles.com\/wp-content\/uploads\/2025\/09\/Vector-24.svg\" alt=\"Vector (24)\" class=\"wp-image-653\" style=\"object-fit:cover\"\/><\/figure>\n\n\n\n<div class=\"wp-block-group h1-like has-custom-color-1-color has-text-color has-link-color wp-elements-24b4834bece253c59e3572bffe2a9f83 has-global-padding is-layout-constrained wp-block-group-is-layout-constrained\">\n<p class=\"has-custom-color-3-color has-text-color has-link-color has-pp-woodland-font-family wp-elements-3ab1149149cbbd1357b328ae682bab34\" style=\"font-size:clamp(52.9px, 3.306rem + ((1vw - 3.2px) * 4.398), 107px);font-style:normal;font-weight:200;text-transform:uppercase\">Discover<br\/><span>sports, flavours and beaches<\/span><\/p>\n<\/div>\n<\/div>\n\n\n\n<div class=\"wp-block-query is-layout-flow wp-block-query-is-layout-flow\"><ul class=\"animated fadeInUp wp-block-post-template is-layout-flow wp-block-post-template-is-layout-flow\"><li class=\"wp-block-post post-2401 page type-page status-publish has-post-thumbnail hentry\">\n\n<figure class=\"wp-block-image\"><img decoding=\"async\" src=\"https:\/\/www.camping-des-familles.com\/wp-content\/uploads\/2025\/10\/kayak_activites.jpg\" alt=\"Sports activities\"\/><\/figure>\n\n\n\n<p class=\"has-text-align-center has-base-2-color has-text-color has-link-color has-pp-woodland-font-family wp-elements-6ced9490183e5f4edfb72dbec622f35f\" style=\"font-size:clamp(18.959px, 1.185rem + ((1vw - 3.2px) * 0.898), 30px);text-transform:uppercase\">Sports activities<\/p>\n\n\n<a class=\"is-style-lien-cover wp-block-read-more\" href=\"https:\/\/www.camping-des-familles.com\/en\/sports-activities-medoc\/\" target=\"_self\">Read more<span class=\"screen-reader-text\">: Sports activities<\/span><\/a>\n<\/li><li class=\"wp-block-post post-2436 page type-page status-publish has-post-thumbnail hentry\">\n\n<figure class=\"wp-block-image\"><img decoding=\"async\" src=\"https:\/\/www.camping-des-familles.com\/wp-content\/uploads\/2025\/10\/Gastronomie-et-vins-scaled.jpg\" alt=\"Gastronomy and wine\"\/><\/figure>\n\n\n\n<p class=\"has-text-align-center has-base-2-color has-text-color has-link-color has-pp-woodland-font-family wp-elements-6ced9490183e5f4edfb72dbec622f35f\" style=\"font-size:clamp(18.959px, 1.185rem + ((1vw - 3.2px) * 0.898), 30px);text-transform:uppercase\">Gastronomy and wine<\/p>\n\n\n<a class=\"is-style-lien-cover wp-block-read-more\" href=\"https:\/\/www.camping-des-familles.com\/en\/medoc-wine-gastronomy\/\" target=\"_self\">Read more<span class=\"screen-reader-text\">: Gastronomy and wine<\/span><\/a>\n<\/li><li class=\"wp-block-post post-2485 page type-page status-publish has-post-thumbnail hentry\">\n\n<figure class=\"wp-block-image\"><img decoding=\"async\" src=\"https:\/\/www.camping-des-familles.com\/wp-content\/uploads\/2025\/10\/vue-aerienne-ocean-plage.jpg\" alt=\"The beaches\"\/><\/figure>\n\n\n\n<p class=\"has-text-align-center has-base-2-color has-text-color has-link-color has-pp-woodland-font-family wp-elements-6ced9490183e5f4edfb72dbec622f35f\" style=\"font-size:clamp(18.959px, 1.185rem + ((1vw - 3.2px) * 0.898), 30px);text-transform:uppercase\">The beaches<\/p>\n\n\n<a class=\"is-style-lien-cover wp-block-read-more\" href=\"https:\/\/www.camping-des-familles.com\/en\/tourism-beaches-medoc\/\" target=\"_self\">Read more<span class=\"screen-reader-text\">: The beaches<\/span><\/a>\n<\/li><\/ul><\/div>\n<\/section>\n","protected":false},"excerpt":{"rendered":"<p>Discover the M\u00e9doc and its treasures It&#8217;s not all sandy beaches in the M\u00e9doc! Our campsite near Soulac-sur-Mer is also an excellent base for exploring the M\u00e9doc&#8217;s heritage and culture. Majestic lighthouses, picturesque villages, colorful markets, traditions and local gastronomy make up a territory rich in discovery. It&#8217;s impossible to miss out on the region&#8217;s [&hellip;]<\/p>\n","protected":false},"author":1,"featured_media":1384,"parent":0,"menu_order":0,"comment_status":"closed","ping_status":"closed","template":"","meta":{"_acf_changed":false,"_seopress_robots_primary_cat":"","_seopress_titles_title":"Tourism in the M\u00e9doc I M\u00e9doc heritage and culture","_seopress_titles_desc":"From the Camping des Familles near Soulac-sur-Mer, discover the heritage and culture of the M\u00e9doc: lighthouses, picturesque villages, markets, gastronomy and historic sites.","_seopress_robots_index":"","_gt_ctv_global_id":"14469","_gt_ctv_id_group":false,"inline_featured_image":false,"gt_fse_maillage_image":"https:\/\/www.camping-des-familles.com\/wp-content\/uploads\/2025\/10\/Soulac-sur-Mer.jpg","gt_fse_maillage_titre":"Heritage and culture","gt_fse_maillage_alt":"Heritage and culture","gt_fse_maillage_resume":"","_gt_maillage_image":0,"_gt_maillage_video":0,"_gt_maillage_title":"","footnotes":""},"categories":[],"tags":[],"class_list":["post-2420","page","type-page","status-publish","has-post-thumbnail","hentry"],"acf":[],"_links":{"self":[{"href":"https:\/\/www.camping-des-familles.com\/en\/wp-json\/wp\/v2\/pages\/2420","targetHints":{"allow":["GET"]}}],"collection":[{"href":"https:\/\/www.camping-des-familles.com\/en\/wp-json\/wp\/v2\/pages"}],"about":[{"href":"https:\/\/www.camping-des-familles.com\/en\/wp-json\/wp\/v2\/types\/page"}],"author":[{"embeddable":true,"href":"https:\/\/www.camping-des-familles.com\/en\/wp-json\/wp\/v2\/users\/1"}],"replies":[{"embeddable":true,"href":"https:\/\/www.camping-des-familles.com\/en\/wp-json\/wp\/v2\/comments?post=2420"}],"version-history":[{"count":20,"href":"https:\/\/www.camping-des-familles.com\/en\/wp-json\/wp\/v2\/pages\/2420\/revisions"}],"predecessor-version":[{"id":4254,"href":"https:\/\/www.camping-des-familles.com\/en\/wp-json\/wp\/v2\/pages\/2420\/revisions\/4254"}],"wp:featuredmedia":[{"embeddable":true,"href":"https:\/\/www.camping-des-familles.com\/en\/wp-json\/wp\/v2\/media\/1384"}],"wp:attachment":[{"href":"https:\/\/www.camping-des-familles.com\/en\/wp-json\/wp\/v2\/media?parent=2420"}],"wp:term":[{"taxonomy":"category","embeddable":true,"href":"https:\/\/www.camping-des-familles.com\/en\/wp-json\/wp\/v2\/categories?post=2420"},{"taxonomy":"post_tag","embeddable":true,"href":"https:\/\/www.camping-des-familles.com\/en\/wp-json\/wp\/v2\/tags?post=2420"}],"curies":[{"name":"wp","href":"https:\/\/api.w.org\/{rel}","templated":true}]}}