{"id":2389,"date":"2025-09-26T12:12:20","date_gmt":"2025-09-26T10:12:20","guid":{"rendered":"https:\/\/www.camping-des-familles.com\/mentions-legales\/"},"modified":"2025-11-19T14:32:06","modified_gmt":"2025-11-19T13:32:06","slug":"rechtliche-hinweise","status":"publish","type":"page","link":"https:\/\/www.camping-des-familles.com\/de\/rechtliche-hinweise\/","title":{"rendered":"Rechtliche Hinweise"},"content":{"rendered":"\n<section class=\"wp-block-group home-third bis has-global-padding is-layout-constrained wp-block-group-is-layout-constrained\">\n<h1 class=\"wp-block-heading has-text-align-left full-width has-damirone-font-family has-custom-color-1-color has-text-color\" style=\"margin-top:0px;margin-right:0px;margin-bottom:0px;margin-left:0px;padding-bottom:var(--wp--preset--spacing--20);font-size:clamp(28.836px, 1.802rem + ((1vw - 3.2px) * 1.721), 50px);font-style:normal;font-weight:400;line-height:1.2;text-transform:uppercase\">Rechtliche Hinweise<\/h1>\n\n\n\n<p class=\"has-custom-color-3-color has-text-color has-link-color wp-elements-adae3b38d4a653217cee859f2b1d5cf0\" style=\"line-height:1.9\">Hier finden Sie die rechtlichen Hinweise der Website unseres Campingplatzes.<\/p>\n\n\n\n<h2 class=\"wp-block-heading has-custom-color-3-color has-text-color has-link-color wp-elements-4b2060d38543d7c2436f7a3274ef78dd\">HERAUSGEBER DER WEBSITE<\/h2>\n\n\n\n<p class=\"has-custom-color-3-color has-text-color has-link-color wp-elements-782144a7d2797c31bd0019d3fb5abebd\" style=\"line-height:1.9\">CAMPING DES FAMILLES SAS<br\/>3 Chemin de la Lande,<br\/>33590 GRAYAN-ET-L&#8217;H\u00d4PITAL<br\/>T\u00e9l : <a href=\"tel:0556094320\">05 56 09 43 20<\/a><br\/>Email : <strong>contact@camping-des-familles.com<\/strong><br\/>N\u00b0 Siret : 39096092000010<br\/>TVA intercommunautaire : FR94390960920<br\/>Capital social : 10 000 \u20ac<br\/>Responsable de publication : St\u00e9phane Rennou<\/p>\n\n\n\n<p class=\"has-custom-color-3-color has-text-color has-link-color wp-elements-51893235b164b2d95a60e18592324a78\" style=\"line-height:1.9\"><\/p>\n\n\n\n<h2 class=\"wp-block-heading\">REALISIERUNG<\/h2>\n\n\n\n<p class=\"has-custom-color-3-color has-text-color has-link-color wp-elements-497a705f870e2529ecfc79524f02f042\" style=\"line-height:1.9\"><strong>GEEK TONIC<\/strong>, vertreten durch Herrn Yohan Darmayan in seiner Eigenschaft als Gesch\u00e4ftsf\u00fchrer<br\/>Gesch\u00e4ftssitz: 16 chemin de Sabalce 64100 BAYONNE<br\/>Tel.: <a href=\"tel:0532741152\">05 32 74 11 52<\/a><br\/>E-mail: <a href=\"mailto:support@geek-tonic.com\">support@geek-tonic.com<\/a><br\/>Website: <a href=\"https:\/\/www.geek-tonic.com\/\">www.geek-tonic.com<br\/><\/a>SIRET: 89746755100015<br\/>APE: 6201Z<\/p>\n\n\n\n<h2 class=\"wp-block-heading\">URHEBERRECHT UND COPYRIGHT<\/h2>\n\n\n\n<p class=\"has-custom-color-3-color has-text-color has-link-color wp-elements-fea1b68b254fed8db30d19d3e09b6364\" style=\"line-height:1.9\">Der gesamte Inhalt dieser Website unterliegt dem Urheberrecht sowie dem geistigen Eigentum der franz\u00f6sischen Gesetzgebung.<br\/>Jede Vervielf\u00e4ltigung (einschlie\u00dflich Fotos, Icons und herunterladbarer Dokumente) ist ohne vorherige Genehmigung von GEEK TONIC untersagt.<br\/>Die Vervielf\u00e4ltigung der gesamten oder eines Teils der Website in Papier- oder elektronischer Form auf einem elektronischen Datentr\u00e4ger ist untersagt.<br\/>GEEK TONIC \u00fcbernimmt keine Verantwortung f\u00fcr den Inhalt der Website.<br\/>GEEK TONIC \u00fcbernimmt auch keine Verantwortung f\u00fcr externe Links, die auf diese Website verweisen.<\/p>\n\n\n\n<h2 class=\"wp-block-heading\">PERS\u00d6NLICHE DATEN UND NAMENTLICHE INFORMATIONEN<\/h2>\n\n\n\n<p class=\"has-custom-color-3-color has-text-color has-link-color wp-elements-7158b5126b100887f9705f3269e8d3b5\" style=\"line-height:1.9\">Sie haben ein Recht auf Zugang, \u00c4nderung, Berichtigung und L\u00f6schung der Sie betreffenden Daten gem\u00e4\u00df Artikel 34 des Gesetzes &#8222;Informatique et Libert\u00e9s&#8220; Nr. 78-17 vom 6. Januar 1978, ge\u00e4ndert am 6. August 2018.<br\/>Um dieses Zugangsrecht zu entfalten, k\u00f6nnen Sie dies durch eine einfache schriftliche Anfrage an den Herausgeber der Website tun.<\/p>\n\n\n\n<h2 class=\"wp-block-heading\">RECHTSGESETZE<\/h2>\n\n\n\n<p class=\"has-custom-color-3-color has-text-color has-link-color wp-elements-32378393736aa20aa3fcaea41a9b8af3\" style=\"line-height:1.9\">Gem\u00e4\u00df dem Gesetz vom 11. M\u00e4rz 1957 (Art. 41) und dem Gesetz \u00fcber geistiges Eigentum vom 1. Juli 1992 ist es verboten, Teile der Website ohne vorherige Genehmigung des Herausgebers der Website teilweise oder vollst\u00e4ndig zu reproduzieren.<br\/>Die Logos, Bilder, Fotos, Videos, Grafiken und Texte sind Eigentum ihrer jeweiligen Besitzer.<br\/>Diese Website kann ohne ihr Wissen mit anderen Websites \u00fcber Hypermedia-Links verbunden worden sein. Der Herausgeber der Website lehnt jede Verantwortung f\u00fcr die Informationen auf diesen anderen Websites ab.<br\/>Der Internetnutzer erkennt an, dass die Nutzung dieser Website dem franz\u00f6sischen Recht unterliegt. <\/p>\n\n\n\n<div style=\"height:100px\" aria-hidden=\"true\" class=\"wp-block-spacer gt-hide-mobile\"><\/div>\n<\/section>\n","protected":false},"excerpt":{"rendered":"<p>Rechtliche Hinweise Hier finden Sie die rechtlichen Hinweise der Website unseres Campingplatzes. HERAUSGEBER DER WEBSITE CAMPING DES FAMILLES SAS3 Chemin de la Lande,33590 GRAYAN-ET-L&#8217;H\u00d4PITALT\u00e9l : 05 56 09 43 20Email : contact@camping-des-familles.comN\u00b0 Siret : 39096092000010TVA intercommunautaire : FR94390960920Capital social : 10 000 \u20acResponsable de publication : St\u00e9phane Rennou REALISIERUNG GEEK TONIC, vertreten durch Herrn Yohan [&hellip;]<\/p>\n","protected":false},"author":1,"featured_media":1624,"parent":0,"menu_order":0,"comment_status":"closed","ping_status":"closed","template":"","meta":{"_acf_changed":false,"_seopress_robots_primary_cat":"","_seopress_titles_title":"Rechtliche Hinweise","_seopress_titles_desc":"Lesen Sie die rechtlichen Hinweise der Ecolodge Camping des Familles: rechtliche Informationen, Kontaktdaten, SIRET- und MwSt.-Nummer, RGPD-Konformit\u00e4t f\u00fcr Ihre Sicherheit und Transparenz.","_seopress_robots_index":"yes","_gt_ctv_global_id":"14469","_gt_ctv_id_group":false,"inline_featured_image":false,"gt_fse_maillage_image":"https:\/\/www.camping-des-familles.com\/wp-content\/uploads\/2025\/10\/vue-aerienne-foret-ocean.jpg","gt_fse_maillage_titre":"Rechtliche Hinweise","gt_fse_maillage_alt":"Rechtliche Hinweise","gt_fse_maillage_resume":"","_gt_maillage_image":0,"_gt_maillage_video":0,"_gt_maillage_title":"","footnotes":""},"categories":[],"tags":[],"class_list":["post-2389","page","type-page","status-publish","has-post-thumbnail","hentry"],"acf":[],"_links":{"self":[{"href":"https:\/\/www.camping-des-familles.com\/de\/wp-json\/wp\/v2\/pages\/2389","targetHints":{"allow":["GET"]}}],"collection":[{"href":"https:\/\/www.camping-des-familles.com\/de\/wp-json\/wp\/v2\/pages"}],"about":[{"href":"https:\/\/www.camping-des-familles.com\/de\/wp-json\/wp\/v2\/types\/page"}],"author":[{"embeddable":true,"href":"https:\/\/www.camping-des-familles.com\/de\/wp-json\/wp\/v2\/users\/1"}],"replies":[{"embeddable":true,"href":"https:\/\/www.camping-des-familles.com\/de\/wp-json\/wp\/v2\/comments?post=2389"}],"version-history":[{"count":7,"href":"https:\/\/www.camping-des-familles.com\/de\/wp-json\/wp\/v2\/pages\/2389\/revisions"}],"predecessor-version":[{"id":4482,"href":"https:\/\/www.camping-des-familles.com\/de\/wp-json\/wp\/v2\/pages\/2389\/revisions\/4482"}],"wp:featuredmedia":[{"embeddable":true,"href":"https:\/\/www.camping-des-familles.com\/de\/wp-json\/wp\/v2\/media\/1624"}],"wp:attachment":[{"href":"https:\/\/www.camping-des-familles.com\/de\/wp-json\/wp\/v2\/media?parent=2389"}],"wp:term":[{"taxonomy":"category","embeddable":true,"href":"https:\/\/www.camping-des-familles.com\/de\/wp-json\/wp\/v2\/categories?post=2389"},{"taxonomy":"post_tag","embeddable":true,"href":"https:\/\/www.camping-des-familles.com\/de\/wp-json\/wp\/v2\/tags?post=2389"}],"curies":[{"name":"wp","href":"https:\/\/api.w.org\/{rel}","templated":true}]}}